{"id":36,"date":"2016-12-14T09:00:12","date_gmt":"2016-12-14T08:00:12","guid":{"rendered":"https:\/\/www.orienteeringpark.cz\/olomouc\/?page_id=36"},"modified":"2016-12-14T09:01:27","modified_gmt":"2016-12-14T08:01:27","slug":"elektronicke-mereni","status":"publish","type":"page","link":"https:\/\/www.orienteeringpark.cz\/olomouc\/elektronicke-mereni\/","title":{"rendered":"Elektronick\u00e9 m\u011b\u0159en\u00ed"},"content":{"rendered":"<p>Orienteering Park Olomouc ve spolupr\u00e1ci se spole\u010dnost\u00ed Learnjoy V\u00e1m nab\u00edz\u00ed unik\u00e1tn\u00ed mo\u017enost vyzkou\u0161et si orienta\u010dn\u00ed b\u011bh s profesion\u00e1ln\u00ed \u010dasom\u00edrou. Elektronick\u00fd \u010dip V\u00e1m zm\u011b\u0159\u00ed nejen celkov\u00fd \u010das str\u00e1ven\u00fd na trati, ale i jednotliv\u00e9 mezi\u010dasy na kontrol\u00e1ch. Syst\u00e9m je navr\u017een\u00fd tak, aby co nejv\u00edc simuloval skute\u010dn\u00fd z\u00e1vod v OB.<\/p>\n<p><span style=\"text-decoration: underline\"><img loading=\"lazy\" class=\"aligncenter size-medium wp-image-38\" src=\"https:\/\/www.orienteeringpark.cz\/olomouc\/wp-content\/uploads\/sites\/4\/2016\/12\/learnjoyl-ogo-300x52.png\" alt=\"\" width=\"300\" height=\"52\" srcset=\"https:\/\/www.orienteeringpark.cz\/olomouc\/wp-content\/uploads\/sites\/4\/2016\/12\/learnjoyl-ogo-300x52.png 300w, https:\/\/www.orienteeringpark.cz\/olomouc\/wp-content\/uploads\/sites\/4\/2016\/12\/learnjoyl-ogo-768x134.png 768w, https:\/\/www.orienteeringpark.cz\/olomouc\/wp-content\/uploads\/sites\/4\/2016\/12\/learnjoyl-ogo.png 861w\" sizes=\"(max-width: 300px) 100vw, 300px\" \/><\/span><\/p>\n<h2>Jak syst\u00e9m funguje?<\/h2>\n<p>Prvn\u00edm krokem je samotn\u00e9 zap\u016fj\u010den\u00ed \u010dipu, ten m\u016f\u017eete dostat spole\u010dn\u011b s mapou na pokladn\u011b ZOO Olomouc. S \u010dipem se p\u0159em\u00edst\u00edte na start (m\u00edsto ozna\u010den\u00e9 v map\u011b troj\u00faheln\u00edkem). Zde najdete kontroln\u00ed stojan, kter\u00fd je ozna\u010den jako CLEAR &#8211; zde p\u0159ilo\u017e\u00edte \u010dip na symbol elektronick\u00e9 synchronizace (symbol je v\u017edy um\u00edst\u011bn na p\u0159edn\u00ed stran\u011b stojanu &#8211; pod raz\u00edc\u00edmi kle\u0161t\u011bmi). T\u00edmto krokem dojde k vymaz\u00e1n\u00ed pam\u011bti \u010dipu od p\u0159edchoz\u00edho z\u00e1vodn\u00edka a \u010dip bude p\u0159ipraven k absolvov\u00e1n\u00ed trat\u011b. Po vynulov\u00e1n\u00ed \u010dipu sta\u010d\u00ed stejn\u00fdm zp\u016fsobem jako CLEAR \u00a0ozna\u010dit ozna\u010dit \u00a0START a vyb\u011bhnout na tra\u0165. Jednotliv\u00e9 kontroly se pak raz\u00ed op\u011bt stejn\u00fdm zp\u016fsobem. Posledn\u00edm krokem je ozna\u010den\u00ed c\u00edle &#8211; FINISH, kter\u00fdm ukon\u010d\u00edte m\u011b\u0159en\u00ed \u010dasu. Po ka\u017ed\u00e9m pr\u016fb\u011bhu kontrolou \u010dip zablik\u00e1 a vyd\u00e1 zvukov\u00fd sign\u00e1l.<\/p>\n<p><img loading=\"lazy\" class=\"alignleft wp-image-45\" src=\"https:\/\/www.orienteeringpark.cz\/olomouc\/wp-content\/uploads\/sites\/4\/2016\/12\/\u010dip-300x118.png\" width=\"380\" height=\"150\" srcset=\"https:\/\/www.orienteeringpark.cz\/olomouc\/wp-content\/uploads\/sites\/4\/2016\/12\/\u010dip-300x118.png 300w, https:\/\/www.orienteeringpark.cz\/olomouc\/wp-content\/uploads\/sites\/4\/2016\/12\/\u010dip.png 656w\" sizes=\"(max-width: 380px) 100vw, 380px\" \/>\u00a0\u00a0<img loading=\"lazy\" class=\"wp-image-47 aligncenter\" src=\"https:\/\/www.orienteeringpark.cz\/olomouc\/wp-content\/uploads\/sites\/4\/2016\/12\/esync-300x202.png\" width=\"380\" height=\"256\" srcset=\"https:\/\/www.orienteeringpark.cz\/olomouc\/wp-content\/uploads\/sites\/4\/2016\/12\/esync-300x202.png 300w, https:\/\/www.orienteeringpark.cz\/olomouc\/wp-content\/uploads\/sites\/4\/2016\/12\/esync.png 692w\" sizes=\"(max-width: 380px) 100vw, 380px\" \/><\/p>\n<h2>Jak na vy\u010dten\u00ed \u010dipu?<\/h2>\n<p>Po absolvov\u00e1n\u00ed n\u011bkter\u00e9 z trat\u00ed, sta\u010d\u00ed p\u0159ij\u00edt zp\u011bt k pokladn\u011b ZOO a po\u017e\u00e1dat o vy\u010dten\u00ed \u010dipu. Na krabi\u010dku ozna\u010denou jako MASTER p\u0159ilo\u017e\u00edte \u010dip a tisk\u00e1rna v\u00e1m vytiskne celkov\u00fd \u010das, v\u010detn\u011b mezi\u010das\u016f z jednotliv\u00fdch kontrol. M\u016f\u017eete tak zjistit, kde jste b\u011b\u017eeli opravdu rychle a kde jste naopak \u010das ztratili.<\/p>\n<p><img loading=\"lazy\" class=\"aligncenter wp-image-50\" src=\"https:\/\/www.orienteeringpark.cz\/olomouc\/wp-content\/uploads\/sites\/4\/2016\/12\/tiskarna.png\" width=\"500\" height=\"217\" srcset=\"https:\/\/www.orienteeringpark.cz\/olomouc\/wp-content\/uploads\/sites\/4\/2016\/12\/tiskarna.png 784w, https:\/\/www.orienteeringpark.cz\/olomouc\/wp-content\/uploads\/sites\/4\/2016\/12\/tiskarna-300x130.png 300w, https:\/\/www.orienteeringpark.cz\/olomouc\/wp-content\/uploads\/sites\/4\/2016\/12\/tiskarna-768x334.png 768w\" sizes=\"(max-width: 500px) 100vw, 500px\" \/><\/p>\n<h2>Jak vypadaj\u00ed v\u00fdsledky?<\/h2>\n<p><img loading=\"lazy\" class=\"aligncenter wp-image-56\" src=\"https:\/\/www.orienteeringpark.cz\/olomouc\/wp-content\/uploads\/sites\/4\/2016\/12\/vysledky-300x121.png\" width=\"600\" height=\"242\" srcset=\"https:\/\/www.orienteeringpark.cz\/olomouc\/wp-content\/uploads\/sites\/4\/2016\/12\/vysledky-300x121.png 300w, https:\/\/www.orienteeringpark.cz\/olomouc\/wp-content\/uploads\/sites\/4\/2016\/12\/vysledky-768x310.png 768w, https:\/\/www.orienteeringpark.cz\/olomouc\/wp-content\/uploads\/sites\/4\/2016\/12\/vysledky-1024x413.png 1024w, https:\/\/www.orienteeringpark.cz\/olomouc\/wp-content\/uploads\/sites\/4\/2016\/12\/vysledky.png 1080w\" sizes=\"(max-width: 600px) 100vw, 600px\" \/><\/p>\n<p>&nbsp;<\/p>\n<h2><\/h2>\n<p>&nbsp;<\/p>\n<p>&nbsp;<\/p>\n<p>&nbsp;<\/p>\n","protected":false},"excerpt":{"rendered":"<p>Orienteering Park Olomouc ve spolupr\u00e1ci se spole\u010dnost\u00ed Learnjoy V\u00e1m nab\u00edz\u00ed unik\u00e1tn\u00ed mo\u017enost vyzkou\u0161et si orienta\u010dn\u00ed b\u011bh s profesion\u00e1ln\u00ed \u010dasom\u00edrou. Elektronick\u00fd \u010dip V\u00e1m zm\u011b\u0159\u00ed nejen celkov\u00fd \u010das str\u00e1ven\u00fd na trati, ale i jednotliv\u00e9 mezi\u010dasy na kontrol\u00e1ch. Syst\u00e9m je navr\u017een\u00fd tak, aby co nejv\u00edc simuloval skute\u010dn\u00fd z\u00e1vod v OB. Jak syst\u00e9m funguje? Prvn\u00edm krokem je samotn\u00e9 zap\u016fj\u010den\u00ed [&hellip;]<\/p>\n","protected":false},"author":2,"featured_media":0,"parent":0,"menu_order":0,"comment_status":"closed","ping_status":"closed","template":"","meta":[],"_links":{"self":[{"href":"https:\/\/www.orienteeringpark.cz\/olomouc\/wp-json\/wp\/v2\/pages\/36"}],"collection":[{"href":"https:\/\/www.orienteeringpark.cz\/olomouc\/wp-json\/wp\/v2\/pages"}],"about":[{"href":"https:\/\/www.orienteeringpark.cz\/olomouc\/wp-json\/wp\/v2\/types\/page"}],"author":[{"embeddable":true,"href":"https:\/\/www.orienteeringpark.cz\/olomouc\/wp-json\/wp\/v2\/users\/2"}],"replies":[{"embeddable":true,"href":"https:\/\/www.orienteeringpark.cz\/olomouc\/wp-json\/wp\/v2\/comments?post=36"}],"version-history":[{"count":17,"href":"https:\/\/www.orienteeringpark.cz\/olomouc\/wp-json\/wp\/v2\/pages\/36\/revisions"}],"predecessor-version":[{"id":58,"href":"https:\/\/www.orienteeringpark.cz\/olomouc\/wp-json\/wp\/v2\/pages\/36\/revisions\/58"}],"wp:attachment":[{"href":"https:\/\/www.orienteeringpark.cz\/olomouc\/wp-json\/wp\/v2\/media?parent=36"}],"curies":[{"name":"wp","href":"https:\/\/api.w.org\/{rel}","templated":true}]}}