{"id":33,"date":"2016-12-13T12:24:24","date_gmt":"2016-12-13T11:24:24","guid":{"rendered":"https:\/\/www.orienteeringpark.cz\/olomouc\/?page_id=33"},"modified":"2016-12-14T09:06:33","modified_gmt":"2016-12-14T08:06:33","slug":"orientacni-beh","status":"publish","type":"page","link":"https:\/\/www.orienteeringpark.cz\/olomouc\/orientacni-beh\/","title":{"rendered":"Orienta\u010dn\u00ed b\u011bh"},"content":{"rendered":"","protected":false},"excerpt":{"rendered":"","protected":false},"author":2,"featured_media":0,"parent":0,"menu_order":0,"comment_status":"closed","ping_status":"closed","template":"orienteering.php","meta":[],"_links":{"self":[{"href":"https:\/\/www.orienteeringpark.cz\/olomouc\/wp-json\/wp\/v2\/pages\/33"}],"collection":[{"href":"https:\/\/www.orienteeringpark.cz\/olomouc\/wp-json\/wp\/v2\/pages"}],"about":[{"href":"https:\/\/www.orienteeringpark.cz\/olomouc\/wp-json\/wp\/v2\/types\/page"}],"author":[{"embeddable":true,"href":"https:\/\/www.orienteeringpark.cz\/olomouc\/wp-json\/wp\/v2\/users\/2"}],"replies":[{"embeddable":true,"href":"https:\/\/www.orienteeringpark.cz\/olomouc\/wp-json\/wp\/v2\/comments?post=33"}],"version-history":[{"count":1,"href":"https:\/\/www.orienteeringpark.cz\/olomouc\/wp-json\/wp\/v2\/pages\/33\/revisions"}],"predecessor-version":[{"id":34,"href":"https:\/\/www.orienteeringpark.cz\/olomouc\/wp-json\/wp\/v2\/pages\/33\/revisions\/34"}],"wp:attachment":[{"href":"https:\/\/www.orienteeringpark.cz\/olomouc\/wp-json\/wp\/v2\/media?parent=33"}],"curies":[{"name":"wp","href":"https:\/\/api.w.org\/{rel}","templated":true}]}}